{"id":143,"date":"2024-09-22T11:50:26","date_gmt":"2024-09-22T11:50:26","guid":{"rendered":"https:\/\/www.beautydents.de\/?page_id=143"},"modified":"2024-09-26T15:16:57","modified_gmt":"2024-09-26T15:16:57","slug":"was-ist-beautydents","status":"publish","type":"page","link":"https:\/\/www.beautydents.de\/?page_id=143","title":{"rendered":"Was ist Beautydents?"},"content":{"rendered":"\n<p>Genie\u00dfen Sie im Kosmetiksalon Beautydents entspannende kosmetische Behandlungen. Ich biete Ihnen verschiedene Gesichtsbehandlungen, Zahnbleaching, Manik\u00fcre und Nageldesign. Die unterschiedlichen Behandlungen werden individuell auf Ihre W\u00fcnsche und Bed\u00fcrfnisse abgestimmt.<\/p>\n\n\n\n<figure class=\"wp-block-gallery has-nested-images columns-default is-cropped wp-block-gallery-1 is-layout-flex wp-block-gallery-is-layout-flex\">\n<figure class=\"wp-block-image size-large\"><img loading=\"lazy\" decoding=\"async\" width=\"644\" height=\"1024\" data-id=\"243\" src=\"https:\/\/www.beautydents.de\/wp-content\/uploads\/2024\/09\/2024-09-25-bd-Studio01-644x1024.jpeg\" alt=\"\" class=\"wp-image-243\" srcset=\"https:\/\/www.beautydents.de\/wp-content\/uploads\/2024\/09\/2024-09-25-bd-Studio01-644x1024.jpeg 644w, https:\/\/www.beautydents.de\/wp-content\/uploads\/2024\/09\/2024-09-25-bd-Studio01-189x300.jpeg 189w, https:\/\/www.beautydents.de\/wp-content\/uploads\/2024\/09\/2024-09-25-bd-Studio01-768x1221.jpeg 768w, https:\/\/www.beautydents.de\/wp-content\/uploads\/2024\/09\/2024-09-25-bd-Studio01-966x1536.jpeg 966w, https:\/\/www.beautydents.de\/wp-content\/uploads\/2024\/09\/2024-09-25-bd-Studio01-1200x1908.jpeg 1200w, https:\/\/www.beautydents.de\/wp-content\/uploads\/2024\/09\/2024-09-25-bd-Studio01.jpeg 1288w\" sizes=\"auto, (max-width: 644px) 100vw, 644px\" \/><\/figure>\n\n\n\n<figure class=\"wp-block-image size-large\"><img loading=\"lazy\" decoding=\"async\" width=\"620\" height=\"1024\" data-id=\"244\" src=\"https:\/\/www.beautydents.de\/wp-content\/uploads\/2024\/09\/2024-09-25-bd-Studio02-620x1024.jpeg\" alt=\"\" class=\"wp-image-244\" srcset=\"https:\/\/www.beautydents.de\/wp-content\/uploads\/2024\/09\/2024-09-25-bd-Studio02-620x1024.jpeg 620w, https:\/\/www.beautydents.de\/wp-content\/uploads\/2024\/09\/2024-09-25-bd-Studio02-182x300.jpeg 182w, https:\/\/www.beautydents.de\/wp-content\/uploads\/2024\/09\/2024-09-25-bd-Studio02-768x1268.jpeg 768w, https:\/\/www.beautydents.de\/wp-content\/uploads\/2024\/09\/2024-09-25-bd-Studio02-930x1536.jpeg 930w, https:\/\/www.beautydents.de\/wp-content\/uploads\/2024\/09\/2024-09-25-bd-Studio02-1200x1982.jpeg 1200w, https:\/\/www.beautydents.de\/wp-content\/uploads\/2024\/09\/2024-09-25-bd-Studio02.jpeg 1240w\" sizes=\"auto, (max-width: 620px) 100vw, 620px\" \/><\/figure>\n<\/figure>\n\n\n\n<p><strong><em>Besuchen Sie Beautydents. Sie sind herzlich willkommen.<\/em><\/strong><\/p>\n\n\n\n<p>Inh. Jana Selchow<\/p>\n\n\n\n<p><\/p>\n","protected":false},"excerpt":{"rendered":"<p>Genie\u00dfen Sie im Kosmetiksalon Beautydents entspannende kosmetische Behandlungen. Ich biete Ihnen verschiedene Gesichtsbehandlungen, Zahnbleaching, Manik\u00fcre und Nageldesign. Die unterschiedlichen Behandlungen werden individuell auf Ihre W\u00fcnsche und Bed\u00fcrfnisse abgestimmt. Besuchen Sie Beautydents. Sie sind herzlich willkommen.&hellip;<\/p>\n","protected":false},"author":2,"featured_media":0,"parent":0,"menu_order":0,"comment_status":"closed","ping_status":"closed","template":"","meta":{"footnotes":""},"class_list":["post-143","page","type-page","status-publish","hentry"],"_links":{"self":[{"href":"https:\/\/www.beautydents.de\/index.php?rest_route=\/wp\/v2\/pages\/143","targetHints":{"allow":["GET"]}}],"collection":[{"href":"https:\/\/www.beautydents.de\/index.php?rest_route=\/wp\/v2\/pages"}],"about":[{"href":"https:\/\/www.beautydents.de\/index.php?rest_route=\/wp\/v2\/types\/page"}],"author":[{"embeddable":true,"href":"https:\/\/www.beautydents.de\/index.php?rest_route=\/wp\/v2\/users\/2"}],"replies":[{"embeddable":true,"href":"https:\/\/www.beautydents.de\/index.php?rest_route=%2Fwp%2Fv2%2Fcomments&post=143"}],"version-history":[{"count":4,"href":"https:\/\/www.beautydents.de\/index.php?rest_route=\/wp\/v2\/pages\/143\/revisions"}],"predecessor-version":[{"id":260,"href":"https:\/\/www.beautydents.de\/index.php?rest_route=\/wp\/v2\/pages\/143\/revisions\/260"}],"wp:attachment":[{"href":"https:\/\/www.beautydents.de\/index.php?rest_route=%2Fwp%2Fv2%2Fmedia&parent=143"}],"curies":[{"name":"wp","href":"https:\/\/api.w.org\/{rel}","templated":true}]}}