{"id":176,"date":"2024-09-22T13:42:57","date_gmt":"2024-09-22T13:42:57","guid":{"rendered":"https:\/\/www.beautydents.de\/?page_id=176"},"modified":"2024-10-03T13:36:07","modified_gmt":"2024-10-03T11:36:07","slug":"p_kosmetische-zahnbehandlungen","status":"publish","type":"page","link":"https:\/\/www.beautydents.de\/?page_id=176","title":{"rendered":"P_Kosmetische Zahnbehandlungen"},"content":{"rendered":"\n<p><em><strong>Beautydents &#8211; <\/strong><\/em><em>Inhaberin Jana Selchow<\/em><strong><u><em><br>Preise und Leistungsinformationen f\u00fcr Zahnkosmetik<\/em><\/u><\/strong><\/p>\n\n\n\n<figure class=\"wp-block-table\"><table class=\"has-fixed-layout\"><tbody><tr><td><strong>Zahnaufhellung <strong>(Bleaching)<\/strong><\/strong><\/td><td>Die Zahnaufhellung- die Tiefenreinigung der Z\u00e4hne- ist die effektivste Methode, um Ihre nat\u00fcrliche Zahnfarbe wieder herzustellen, die im Laufe der Jahre von Genussmitteln beeinflusst wurde.<\/td><td><strong>50,00 EUR<\/strong><\/td><\/tr><tr><td><em><strong>Lippenpeeling<\/strong><\/em><\/td><td>Sanftes Peeling rauer Lippen mit Lippenpflege.<\/td><td><strong>4,00 EUR<\/strong><\/td><\/tr><\/tbody><\/table><\/figure>\n\n\n\n<p><em>Bei Fragen zu Behandlungen und Preisen k\u00f6nnen Sie sich gern bei mir kostenlos beraten lassen.<br>Stand: Sept. 2024<\/em><\/p>\n\n\n\n<p><\/p>\n","protected":false},"excerpt":{"rendered":"<p>Beautydents &#8211; Inhaberin Jana SelchowPreise und Leistungsinformationen f\u00fcr Zahnkosmetik Zahnaufhellung (Bleaching) Die Zahnaufhellung- die Tiefenreinigung der Z\u00e4hne- ist die effektivste Methode, um Ihre nat\u00fcrliche Zahnfarbe wieder herzustellen, die im Laufe der Jahre von Genussmitteln beeinflusst&hellip;<\/p>\n","protected":false},"author":2,"featured_media":0,"parent":0,"menu_order":0,"comment_status":"closed","ping_status":"closed","template":"","meta":{"footnotes":""},"class_list":["post-176","page","type-page","status-publish","hentry"],"_links":{"self":[{"href":"https:\/\/www.beautydents.de\/index.php?rest_route=\/wp\/v2\/pages\/176","targetHints":{"allow":["GET"]}}],"collection":[{"href":"https:\/\/www.beautydents.de\/index.php?rest_route=\/wp\/v2\/pages"}],"about":[{"href":"https:\/\/www.beautydents.de\/index.php?rest_route=\/wp\/v2\/types\/page"}],"author":[{"embeddable":true,"href":"https:\/\/www.beautydents.de\/index.php?rest_route=\/wp\/v2\/users\/2"}],"replies":[{"embeddable":true,"href":"https:\/\/www.beautydents.de\/index.php?rest_route=%2Fwp%2Fv2%2Fcomments&post=176"}],"version-history":[{"count":8,"href":"https:\/\/www.beautydents.de\/index.php?rest_route=\/wp\/v2\/pages\/176\/revisions"}],"predecessor-version":[{"id":368,"href":"https:\/\/www.beautydents.de\/index.php?rest_route=\/wp\/v2\/pages\/176\/revisions\/368"}],"wp:attachment":[{"href":"https:\/\/www.beautydents.de\/index.php?rest_route=%2Fwp%2Fv2%2Fmedia&parent=176"}],"curies":[{"name":"wp","href":"https:\/\/api.w.org\/{rel}","templated":true}]}}