{"id":83,"date":"2024-09-19T19:42:28","date_gmt":"2024-09-19T19:42:28","guid":{"rendered":"https:\/\/www.beautydents.de\/?page_id=83"},"modified":"2024-09-22T11:51:56","modified_gmt":"2024-09-22T11:51:56","slug":"ueber-mich","status":"publish","type":"page","link":"https:\/\/www.beautydents.de\/?page_id=83","title":{"rendered":"\u00dcber mich"},"content":{"rendered":"\n<p>Ich bin gelernte Zahnarzthelferin und habe 15 Jahre in diesem Beruf gearbeitet.<br>Nach einer Fortbildung zur Dentalkosmetikerin er\u00f6ffnete ich im Juni 2006 mein eigenes Zahnkosmetikstudio in F\u00fcrstenwalde\/ Spree. Dort verw\u00f6hnte ich meine Kunden drei Jahre lang mit meinen kosmetischen Zahnversch\u00f6nerungen.<br>Im Sommer 2008 begann der Bau meines neuen Kosmetiksalons in Markgrafpieske, meinem Heimatdorf, 8 km von F\u00fcrstenwalde entfernt. Durch die tatkr\u00e4ftige Unterst\u00fctzung der Familie und vieler Freunde konnte ich meinen neuen Kosmetiksalon im Mai 2009 im eigenen Haus er\u00f6ffnen. Nach absolvierter Fortbildung zur Fachkosmetikerin verw\u00f6hne ich seitdem meine Kunden auch mit Gesichts- und Dekollet\u00e9behandlungen und Manik\u00fcre. Um mein Behandlungsangebot noch zu vergr\u00f6\u00dfern absolvierte ich im Mai 2011 eine Ausbildung zur Nageldesignerin.<\/p>\n\n\n\n<figure class=\"wp-block-image size-full is-resized\"><img loading=\"lazy\" decoding=\"async\" width=\"598\" height=\"425\" src=\"https:\/\/www.beautydents.de\/wp-content\/uploads\/2024\/09\/bd_10041.jpg\" alt=\"\" class=\"wp-image-43\" style=\"width:317px;height:auto\" srcset=\"https:\/\/www.beautydents.de\/wp-content\/uploads\/2024\/09\/bd_10041.jpg 598w, https:\/\/www.beautydents.de\/wp-content\/uploads\/2024\/09\/bd_10041-300x213.jpg 300w\" sizes=\"auto, (max-width: 598px) 100vw, 598px\" \/><\/figure>\n\n\n\n<p>Mit diesen kosmetischen Angeboten von A- wie Augen bis Z- wie Z\u00e4hne versch\u00f6nere ich Sie mit liebevollen Behandlungen in meinem Kosmetiksalon Beautydents.<br><br>Probieren Sie es aus, ich stehe Ihnen jederzeit f\u00fcr Terminvereinbarungen zur Verf\u00fcgung.<\/p>\n\n\n\n<p><em>Ihre Jana Selchow<\/em><\/p>\n","protected":false},"excerpt":{"rendered":"<p>Ich bin gelernte Zahnarzthelferin und habe 15 Jahre in diesem Beruf gearbeitet.Nach einer Fortbildung zur Dentalkosmetikerin er\u00f6ffnete ich im Juni 2006 mein eigenes Zahnkosmetikstudio in F\u00fcrstenwalde\/ Spree. Dort verw\u00f6hnte ich meine Kunden drei Jahre lang&hellip;<\/p>\n","protected":false},"author":2,"featured_media":0,"parent":0,"menu_order":0,"comment_status":"closed","ping_status":"closed","template":"","meta":{"footnotes":""},"class_list":["post-83","page","type-page","status-publish","hentry"],"_links":{"self":[{"href":"https:\/\/www.beautydents.de\/index.php?rest_route=\/wp\/v2\/pages\/83","targetHints":{"allow":["GET"]}}],"collection":[{"href":"https:\/\/www.beautydents.de\/index.php?rest_route=\/wp\/v2\/pages"}],"about":[{"href":"https:\/\/www.beautydents.de\/index.php?rest_route=\/wp\/v2\/types\/page"}],"author":[{"embeddable":true,"href":"https:\/\/www.beautydents.de\/index.php?rest_route=\/wp\/v2\/users\/2"}],"replies":[{"embeddable":true,"href":"https:\/\/www.beautydents.de\/index.php?rest_route=%2Fwp%2Fv2%2Fcomments&post=83"}],"version-history":[{"count":4,"href":"https:\/\/www.beautydents.de\/index.php?rest_route=\/wp\/v2\/pages\/83\/revisions"}],"predecessor-version":[{"id":148,"href":"https:\/\/www.beautydents.de\/index.php?rest_route=\/wp\/v2\/pages\/83\/revisions\/148"}],"wp:attachment":[{"href":"https:\/\/www.beautydents.de\/index.php?rest_route=%2Fwp%2Fv2%2Fmedia&parent=83"}],"curies":[{"name":"wp","href":"https:\/\/api.w.org\/{rel}","templated":true}]}}